{"id":1365,"date":"2025-05-10T21:50:05","date_gmt":"2025-05-10T21:50:05","guid":{"rendered":"https:\/\/carleshorrillofaiglab.com\/var\/www\/vhosts\/carleshorrillofaiglab.comhttpdocs\/?page_id=1365"},"modified":"2025-09-05T23:14:50","modified_gmt":"2025-09-05T23:14:50","slug":"aviso-legal","status":"publish","type":"page","link":"https:\/\/carleshorrillofaiglab.com\/var\/www\/vhosts\/carleshorrillofaiglab.comhttpdocs\/?page_id=1365","title":{"rendered":"Aviso Legal"},"content":{"rendered":"\n<h2 class=\"wp-block-heading\"><strong>Aviso Legal<\/strong><\/h2>\n\n\n\n<p>Raz\u00f3n social: <strong>Carles Horrillo Badias<\/strong><\/p>\n\n\n\n<p>CIF: <strong>39500773K<\/strong><\/p>\n\n\n\n<p>Direcci\u00f3n: <strong>Calle Montcau 6B, Mura, Barcelona, 08278<\/strong><\/p>\n\n\n\n<p>N\u00famero: <strong>+34602217389<\/strong><\/p>\n\n\n\n<p>Correo: <strong>carlesob@gmail.com<\/strong><\/p>\n\n\n\n<p><strong>Carles Horrillo Badias<\/strong> se compromete a mantener este sitio web actualizado y preciso. Si, a pesar de todo, encontrara algo incorrecto o desactualizado, le agradecer\u00edamos que nos lo hiciera saber. Por favor, indique en qu\u00e9 parte del sitio web ha le\u00eddo la informaci\u00f3n. Entonces lo examinaremos lo antes posible. Por favor, env\u00ede su duda por correo electr\u00f3nico a: <strong>carlesob@gmail.com<\/strong>.<\/p>\n\n\n\n<p>No nos hacemos responsables de la p\u00e9rdida como resultado de inexactitudes o incompletitud, ni de la p\u00e9rdida resultante de problemas causados por o inherentes a la difusi\u00f3n de informaci\u00f3n a trav\u00e9s de Internet, tales como disrupciones o interrupciones. Al utilizar formularios web, nos esforzamos por limitar al m\u00ednimo el n\u00famero de campos obligatorios. Por cualquier p\u00e9rdida sufrida como resultado del uso de datos, asesor\u00eda o ideas proporcionados por o en nombre de <strong>Carles Horrillo Badias<\/strong> a trav\u00e9s de este sitio web, <strong>Carles Horrillo Badias<\/strong> no acepta ninguna responsabilidad.<\/p>\n\n\n\n<p>Las respuestas y preguntas sobre privacidad enviadas por correo electr\u00f3nico o a trav\u00e9s de un formulario web ser\u00e1n tratadas de la misma manera que las cartas. Esto significa que puede esperar una respuesta de nosotros en un plazo de 1 mes como m\u00e1ximo. En el caso de solicitudes complejas, le informaremos en el plazo de 1 mes si necesitamos un m\u00e1ximo de 3 meses.<\/p>\n\n\n\n<p>Cualquier dato personal que nos proporcione en el contexto de su respuesta o solicitud de informaci\u00f3n s\u00f3lo se utilizar\u00e1 de acuerdo con nuestra declaraci\u00f3n de privacidad.<\/p>\n\n\n\n<p><strong>Carles Horrillo Badias<\/strong> debe hacer cada esfuerzo razonable para proteger sus sistemas contra cualquier forma de uso ilegal. <strong>Carles Horrillo Badias<\/strong> aplicar\u00e1n las medidas t\u00e9cnicas y organizativas adecuadas a tal fin, teniendo en cuenta, entre otras cosas, el estado actual de la t\u00e9cnica. No obstante, no se hace responsable de los perjuicios, directos y\/o indirectos, sufridos por el usuario de la p\u00e1gina web, que se deriven de la utilizaci\u00f3n il\u00edcita de sus sistemas por un tercero.<\/p>\n\n\n\n<p><strong>Carles Horrillo Badias<\/strong> no se hace responsable del contenido de las p\u00e1ginas web a las que se hace referencia mediante hiperv\u00ednculos u otras referencias. Los productos o servicios ofrecidos por terceros estar\u00e1n sujetos a los t\u00e9rminos y condiciones aplicables de dichos terceros.<\/p>\n\n\n\n<p>Nuestros empleados har\u00e1n todo lo posible para garantizar la accesibilidad de nuestra p\u00e1gina web y para mejorarla continuamente. Incluyendo para personas que usan software especial debido a una discapacidad.<\/p>\n\n\n\n<p>Este sitio web est\u00e1 construido de acuerdo con las pautas de nivel AA WCAG 2.1. Estas pautas son acuerdos internacionalmente reconocidos sobre accesibilidad, sostenibilidad, intercambiabilidad y facilidad de b\u00fasqueda de sitios web.<\/p>\n\n\n\n<p>Todos los derechos de propiedad intelectual sobre el contenido de este sitio web pertenecen a terceros que han colocado el contenido ellos mismos o de quienes <strong>Carles Horrillo Badias<\/strong> ha obtenido una licencia de usuario.<\/p>\n\n\n\n<p>La copia, difusi\u00f3n y cualquier otro uso de estos materiales no est\u00e1 permitido sin el permiso escrito de <strong>Carles Horrillo Badias<\/strong>, excepto y s\u00f3lo en la medida en que se estipule lo contrario en los reglamentos de la ley obligatoria (como el derecho a cotizar), a menos que el contenido espec\u00edfico dicte lo contrario.<\/p>\n\n\n\n<p>Si tiene alguna pregunta o problema con la accesibilidad del sitio web, no dude en ponerse en contacto con nosotros.<\/p>\n","protected":false},"excerpt":{"rendered":"<p>Aviso Legal Raz\u00f3n social: Carles Horrillo Badias CIF: 39500773K Direcci\u00f3n: Calle Montcau 6B, Mura, Barcelona, 08278 N\u00famero: +34602217389 Correo: carlesob@gmail.com [&hellip;]<\/p>\n","protected":false},"author":2,"featured_media":0,"parent":0,"menu_order":0,"comment_status":"closed","ping_status":"closed","template":"","meta":{"site-sidebar-layout":"default","site-content-layout":"","ast-site-content-layout":"default","site-content-style":"default","site-sidebar-style":"default","ast-global-header-display":"","ast-banner-title-visibility":"","ast-main-header-display":"","ast-hfb-above-header-display":"","ast-hfb-below-header-display":"","ast-hfb-mobile-header-display":"","site-post-title":"disabled","ast-breadcrumbs-content":"","ast-featured-img":"","footer-sml-layout":"","theme-transparent-header-meta":"","adv-header-id-meta":"","stick-header-meta":"","header-above-stick-meta":"","header-main-stick-meta":"","header-below-stick-meta":"","astra-migrate-meta-layouts":"set","ast-page-background-enabled":"default","ast-page-background-meta":{"desktop":{"background-color":"var(--ast-global-color-4)","background-image":"","background-repeat":"repeat","background-position":"center center","background-size":"auto","background-attachment":"scroll","background-type":"","background-media":"","overlay-type":"","overlay-color":"","overlay-opacity":"","overlay-gradient":""},"tablet":{"background-color":"","background-image":"","background-repeat":"repeat","background-position":"center center","background-size":"auto","background-attachment":"scroll","background-type":"","background-media":"","overlay-type":"","overlay-color":"","overlay-opacity":"","overlay-gradient":""},"mobile":{"background-color":"","background-image":"","background-repeat":"repeat","background-position":"center center","background-size":"auto","background-attachment":"scroll","background-type":"","background-media":"","overlay-type":"","overlay-color":"","overlay-opacity":"","overlay-gradient":""}},"ast-content-background-meta":{"desktop":{"background-color":"var(--ast-global-color-5)","background-image":"","background-repeat":"repeat","background-position":"center center","background-size":"auto","background-attachment":"scroll","background-type":"","background-media":"","overlay-type":"","overlay-color":"","overlay-opacity":"","overlay-gradient":""},"tablet":{"background-color":"var(--ast-global-color-5)","background-image":"","background-repeat":"repeat","background-position":"center center","background-size":"auto","background-attachment":"scroll","background-type":"","background-media":"","overlay-type":"","overlay-color":"","overlay-opacity":"","overlay-gradient":""},"mobile":{"background-color":"var(--ast-global-color-5)","background-image":"","background-repeat":"repeat","background-position":"center center","background-size":"auto","background-attachment":"scroll","background-type":"","background-media":"","overlay-type":"","overlay-color":"","overlay-opacity":"","overlay-gradient":""}},"footnotes":""},"class_list":["post-1365","page","type-page","status-publish","hentry"],"yoast_head":"<!-- This site is optimized with the Yoast SEO plugin v25.0 - https:\/\/yoast.com\/wordpress\/plugins\/seo\/ -->\n<title>Aviso Legal - carleshorrillo3d.es<\/title>\n<meta name=\"robots\" content=\"noindex, nofollow\" \/>\n<meta property=\"og:locale\" content=\"es_ES\" \/>\n<meta property=\"og:type\" content=\"article\" \/>\n<meta property=\"og:title\" content=\"Aviso Legal - carleshorrillo3d.es\" \/>\n<meta property=\"og:description\" content=\"Aviso Legal Raz\u00f3n social: Carles Horrillo Badias CIF: 39500773K Direcci\u00f3n: Calle Montcau 6B, Mura, Barcelona, 08278 N\u00famero: +34602217389 Correo: carlesob@gmail.com [&hellip;]\" \/>\n<meta property=\"og:url\" content=\"https:\/\/carleshorrillofaiglab.com\/var\/www\/vhosts\/carleshorrillofaiglab.comhttpdocs\/?page_id=1365\" \/>\n<meta property=\"og:site_name\" content=\"carleshorrillo3d.es\" \/>\n<meta property=\"article:modified_time\" content=\"2025-09-05T23:14:50+00:00\" \/>\n<meta name=\"twitter:card\" content=\"summary_large_image\" \/>\n<meta name=\"twitter:label1\" content=\"Tiempo de lectura\" \/>\n\t<meta name=\"twitter:data1\" content=\"3 minutos\" \/>\n<script type=\"application\/ld+json\" class=\"yoast-schema-graph\">{\"@context\":\"https:\/\/schema.org\",\"@graph\":[{\"@type\":\"WebPage\",\"@id\":\"https:\/\/carleshorrillofaiglab.com\/var\/www\/vhosts\/carleshorrillofaiglab.comhttpdocs\/?page_id=1365\",\"url\":\"https:\/\/carleshorrillofaiglab.com\/var\/www\/vhosts\/carleshorrillofaiglab.comhttpdocs\/?page_id=1365\",\"name\":\"Aviso Legal - carleshorrillo3d.es\",\"isPartOf\":{\"@id\":\"https:\/\/carleshorrillofaiglab.com\/var\/www\/vhosts\/carleshorrillofaiglab.comhttpdocs\/#website\"},\"datePublished\":\"2025-05-10T21:50:05+00:00\",\"dateModified\":\"2025-09-05T23:14:50+00:00\",\"breadcrumb\":{\"@id\":\"https:\/\/carleshorrillofaiglab.com\/var\/www\/vhosts\/carleshorrillofaiglab.comhttpdocs\/?page_id=1365#breadcrumb\"},\"inLanguage\":\"es\",\"potentialAction\":[{\"@type\":\"ReadAction\",\"target\":[\"https:\/\/carleshorrillofaiglab.com\/var\/www\/vhosts\/carleshorrillofaiglab.comhttpdocs\/?page_id=1365\"]}]},{\"@type\":\"BreadcrumbList\",\"@id\":\"https:\/\/carleshorrillofaiglab.com\/var\/www\/vhosts\/carleshorrillofaiglab.comhttpdocs\/?page_id=1365#breadcrumb\",\"itemListElement\":[{\"@type\":\"ListItem\",\"position\":1,\"name\":\"Home\",\"item\":\"https:\/\/carleshorrillofaiglab.com\/var\/www\/vhosts\/carleshorrillofaiglab.comhttpdocs\/\"},{\"@type\":\"ListItem\",\"position\":2,\"name\":\"Aviso Legal\"}]},{\"@type\":\"WebSite\",\"@id\":\"https:\/\/carleshorrillofaiglab.com\/var\/www\/vhosts\/carleshorrillofaiglab.comhttpdocs\/#website\",\"url\":\"https:\/\/carleshorrillofaiglab.com\/var\/www\/vhosts\/carleshorrillofaiglab.comhttpdocs\/\",\"name\":\"carleshorrillo3d.es\",\"description\":\"\",\"publisher\":{\"@id\":\"https:\/\/carleshorrillofaiglab.com\/var\/www\/vhosts\/carleshorrillofaiglab.comhttpdocs\/#organization\"},\"potentialAction\":[{\"@type\":\"SearchAction\",\"target\":{\"@type\":\"EntryPoint\",\"urlTemplate\":\"https:\/\/carleshorrillofaiglab.com\/var\/www\/vhosts\/carleshorrillofaiglab.comhttpdocs\/?s={search_term_string}\"},\"query-input\":{\"@type\":\"PropertyValueSpecification\",\"valueRequired\":true,\"valueName\":\"search_term_string\"}}],\"inLanguage\":\"es\"},{\"@type\":\"Organization\",\"@id\":\"https:\/\/carleshorrillofaiglab.com\/var\/www\/vhosts\/carleshorrillofaiglab.comhttpdocs\/#organization\",\"name\":\"carleshorrillo3d.es\",\"url\":\"https:\/\/carleshorrillofaiglab.com\/var\/www\/vhosts\/carleshorrillofaiglab.comhttpdocs\/\",\"logo\":{\"@type\":\"ImageObject\",\"inLanguage\":\"es\",\"@id\":\"https:\/\/carleshorrillofaiglab.com\/var\/www\/vhosts\/carleshorrillofaiglab.comhttpdocs\/#\/schema\/logo\/image\/\",\"url\":\"https:\/\/carleshorrillofaiglab.com\/var\/www\/vhosts\/carleshorrillofaiglab.comhttpdocs\/wp-content\/uploads\/2025\/05\/cropped-d-1.png\",\"contentUrl\":\"https:\/\/carleshorrillofaiglab.com\/var\/www\/vhosts\/carleshorrillofaiglab.comhttpdocs\/wp-content\/uploads\/2025\/05\/cropped-d-1.png\",\"width\":500,\"height\":393,\"caption\":\"carleshorrillo3d.es\"},\"image\":{\"@id\":\"https:\/\/carleshorrillofaiglab.com\/var\/www\/vhosts\/carleshorrillofaiglab.comhttpdocs\/#\/schema\/logo\/image\/\"}}]}<\/script>\n<!-- \/ Yoast SEO plugin. -->","yoast_head_json":{"title":"Aviso Legal - carleshorrillo3d.es","robots":{"index":"noindex","follow":"nofollow"},"og_locale":"es_ES","og_type":"article","og_title":"Aviso Legal - carleshorrillo3d.es","og_description":"Aviso Legal Raz\u00f3n social: Carles Horrillo Badias CIF: 39500773K Direcci\u00f3n: Calle Montcau 6B, Mura, Barcelona, 08278 N\u00famero: +34602217389 Correo: carlesob@gmail.com [&hellip;]","og_url":"https:\/\/carleshorrillofaiglab.com\/var\/www\/vhosts\/carleshorrillofaiglab.comhttpdocs\/?page_id=1365","og_site_name":"carleshorrillo3d.es","article_modified_time":"2025-09-05T23:14:50+00:00","twitter_card":"summary_large_image","twitter_misc":{"Tiempo de lectura":"3 minutos"},"schema":{"@context":"https:\/\/schema.org","@graph":[{"@type":"WebPage","@id":"https:\/\/carleshorrillofaiglab.com\/var\/www\/vhosts\/carleshorrillofaiglab.comhttpdocs\/?page_id=1365","url":"https:\/\/carleshorrillofaiglab.com\/var\/www\/vhosts\/carleshorrillofaiglab.comhttpdocs\/?page_id=1365","name":"Aviso Legal - carleshorrillo3d.es","isPartOf":{"@id":"https:\/\/carleshorrillofaiglab.com\/var\/www\/vhosts\/carleshorrillofaiglab.comhttpdocs\/#website"},"datePublished":"2025-05-10T21:50:05+00:00","dateModified":"2025-09-05T23:14:50+00:00","breadcrumb":{"@id":"https:\/\/carleshorrillofaiglab.com\/var\/www\/vhosts\/carleshorrillofaiglab.comhttpdocs\/?page_id=1365#breadcrumb"},"inLanguage":"es","potentialAction":[{"@type":"ReadAction","target":["https:\/\/carleshorrillofaiglab.com\/var\/www\/vhosts\/carleshorrillofaiglab.comhttpdocs\/?page_id=1365"]}]},{"@type":"BreadcrumbList","@id":"https:\/\/carleshorrillofaiglab.com\/var\/www\/vhosts\/carleshorrillofaiglab.comhttpdocs\/?page_id=1365#breadcrumb","itemListElement":[{"@type":"ListItem","position":1,"name":"Home","item":"https:\/\/carleshorrillofaiglab.com\/var\/www\/vhosts\/carleshorrillofaiglab.comhttpdocs\/"},{"@type":"ListItem","position":2,"name":"Aviso Legal"}]},{"@type":"WebSite","@id":"https:\/\/carleshorrillofaiglab.com\/var\/www\/vhosts\/carleshorrillofaiglab.comhttpdocs\/#website","url":"https:\/\/carleshorrillofaiglab.com\/var\/www\/vhosts\/carleshorrillofaiglab.comhttpdocs\/","name":"carleshorrillo3d.es","description":"","publisher":{"@id":"https:\/\/carleshorrillofaiglab.com\/var\/www\/vhosts\/carleshorrillofaiglab.comhttpdocs\/#organization"},"potentialAction":[{"@type":"SearchAction","target":{"@type":"EntryPoint","urlTemplate":"https:\/\/carleshorrillofaiglab.com\/var\/www\/vhosts\/carleshorrillofaiglab.comhttpdocs\/?s={search_term_string}"},"query-input":{"@type":"PropertyValueSpecification","valueRequired":true,"valueName":"search_term_string"}}],"inLanguage":"es"},{"@type":"Organization","@id":"https:\/\/carleshorrillofaiglab.com\/var\/www\/vhosts\/carleshorrillofaiglab.comhttpdocs\/#organization","name":"carleshorrillo3d.es","url":"https:\/\/carleshorrillofaiglab.com\/var\/www\/vhosts\/carleshorrillofaiglab.comhttpdocs\/","logo":{"@type":"ImageObject","inLanguage":"es","@id":"https:\/\/carleshorrillofaiglab.com\/var\/www\/vhosts\/carleshorrillofaiglab.comhttpdocs\/#\/schema\/logo\/image\/","url":"https:\/\/carleshorrillofaiglab.com\/var\/www\/vhosts\/carleshorrillofaiglab.comhttpdocs\/wp-content\/uploads\/2025\/05\/cropped-d-1.png","contentUrl":"https:\/\/carleshorrillofaiglab.com\/var\/www\/vhosts\/carleshorrillofaiglab.comhttpdocs\/wp-content\/uploads\/2025\/05\/cropped-d-1.png","width":500,"height":393,"caption":"carleshorrillo3d.es"},"image":{"@id":"https:\/\/carleshorrillofaiglab.com\/var\/www\/vhosts\/carleshorrillofaiglab.comhttpdocs\/#\/schema\/logo\/image\/"}}]}},"_links":{"self":[{"href":"https:\/\/carleshorrillofaiglab.com\/var\/www\/vhosts\/carleshorrillofaiglab.comhttpdocs\/index.php?rest_route=\/wp\/v2\/pages\/1365","targetHints":{"allow":["GET"]}}],"collection":[{"href":"https:\/\/carleshorrillofaiglab.com\/var\/www\/vhosts\/carleshorrillofaiglab.comhttpdocs\/index.php?rest_route=\/wp\/v2\/pages"}],"about":[{"href":"https:\/\/carleshorrillofaiglab.com\/var\/www\/vhosts\/carleshorrillofaiglab.comhttpdocs\/index.php?rest_route=\/wp\/v2\/types\/page"}],"author":[{"embeddable":true,"href":"https:\/\/carleshorrillofaiglab.com\/var\/www\/vhosts\/carleshorrillofaiglab.comhttpdocs\/index.php?rest_route=\/wp\/v2\/users\/2"}],"replies":[{"embeddable":true,"href":"https:\/\/carleshorrillofaiglab.com\/var\/www\/vhosts\/carleshorrillofaiglab.comhttpdocs\/index.php?rest_route=%2Fwp%2Fv2%2Fcomments&post=1365"}],"version-history":[{"count":2,"href":"https:\/\/carleshorrillofaiglab.com\/var\/www\/vhosts\/carleshorrillofaiglab.comhttpdocs\/index.php?rest_route=\/wp\/v2\/pages\/1365\/revisions"}],"predecessor-version":[{"id":1568,"href":"https:\/\/carleshorrillofaiglab.com\/var\/www\/vhosts\/carleshorrillofaiglab.comhttpdocs\/index.php?rest_route=\/wp\/v2\/pages\/1365\/revisions\/1568"}],"wp:attachment":[{"href":"https:\/\/carleshorrillofaiglab.com\/var\/www\/vhosts\/carleshorrillofaiglab.comhttpdocs\/index.php?rest_route=%2Fwp%2Fv2%2Fmedia&parent=1365"}],"curies":[{"name":"wp","href":"https:\/\/api.w.org\/{rel}","templated":true}]}}