{"id":1368,"date":"2025-05-10T21:50:26","date_gmt":"2025-05-10T21:50:26","guid":{"rendered":"https:\/\/carleshorrillofaiglab.com\/var\/www\/vhosts\/carleshorrillofaiglab.comhttpdocs\/?page_id=1368"},"modified":"2025-09-05T23:16:05","modified_gmt":"2025-09-05T23:16:05","slug":"declaracion-de-accesibilidad","status":"publish","type":"page","link":"https:\/\/carleshorrillofaiglab.com\/var\/www\/vhosts\/carleshorrillofaiglab.comhttpdocs\/?page_id=1368","title":{"rendered":"Declaracion de Accesibilidad"},"content":{"rendered":"\n<h2 class=\"wp-block-heading\"><strong>Declaraci\u00f3n de Accesibilidad<\/strong><\/h2>\n\n\n\n<p>En la construcci\u00f3n de la p\u00e1gina web de <strong><a href=\"\"><\/a><a href=\"https:\/\/carleshorrillofaiglab.com\/var\/www\/vhosts\/carleshorrillofaiglab.comhttpdocs\" target=\"_blank\" rel=\"noreferrer noopener\">carleshorrillo3d.es<\/a><\/strong> se han adoptado medidas con el objetivo de que el mayor n\u00famero posible de personas puedan llegar a la informaci\u00f3n que se transmite en ella, independientemente de las limitaciones de la persona o de las que se deriven del contexto de uso.<\/p>\n\n\n\n<p>As\u00ed, en la confecci\u00f3n del portal se han tenido en cuenta los siguientes aspectos:<\/p>\n\n\n\n<ul class=\"wp-block-list\">\n<li>Uso de CSS para la presentaci\u00f3n de la informaci\u00f3n.<\/li>\n\n\n\n<li>Etiquetas de marcaje.<\/li>\n\n\n\n<li>Sistemas de navegaci\u00f3n usables, intuitivos y alternativos.<\/li>\n\n\n\n<li>Descripciones alternativas en las im\u00e1genes.<\/li>\n\n\n\n<li>Verificaciones en la visualizaci\u00f3n con diferentes navegadores y dispositivos.<\/li>\n\n\n\n<li>Utilizaci\u00f3n de formatos universales y alternativos.<\/li>\n\n\n\n<li>Los enlaces ofrecen detalles de la funci\u00f3n o destino del hiperv\u00ednculo.<\/li>\n\n\n\n<li>Uso de los est\u00e1ndares del W3C.<\/li>\n\n\n\n<li>Acceso mediante atajos teclado a las principales opciones.<\/li>\n<\/ul>\n\n\n\n<h2 class=\"wp-block-heading\"><strong>Cumplimiento de los est\u00e1ndares<\/strong><\/h2>\n\n\n\n<p>Las p\u00e1ginas de este sitio Web cumplen la marca AA seg\u00fan la Norma UNE 139803:2004 y las Directrices de Accesibilidad para el Contenido Web 1.0 del W3C. Todos los requisitos de Prioridad 1 y Prioridad 2 y un subconjunto de los requisitos de Prioridad 3 han sido comprobados con un an\u00e1lisis manual de la accesibilidad a trav\u00e9s de diferentes herramientas semi-autom\u00e1ticas y agentes de usuario.<\/p>\n\n\n\n<h2 class=\"wp-block-heading\"><strong>Atajos de teclado<\/strong><\/h2>\n\n\n\n<p>En esta Web puede hacer saltos ordenados en el contenido con la tecla Tab.<\/p>\n\n\n\n<h2 class=\"wp-block-heading\"><strong>Tama\u00f1o del texto<\/strong><\/h2>\n\n\n\n<p>El dise\u00f1o accesible permite que el usuario pueda ajustar las fuentes al tama\u00f1o que le convenga. Esta acci\u00f3n puede llevarse a cabo de diferentes maneras seg\u00fan el navegador web que se utilice. A continuaci\u00f3n se indica la acci\u00f3n de men\u00fa donde se encuentra esta funcionalidad en los navegadores m\u00e1s frecuentes:<\/p>\n\n\n\n<ul class=\"wp-block-list\">\n<li>Mozilla Firefox: Ver > Tama\u00f1o de texto > Incrementar Internet<\/li>\n\n\n\n<li>Internet Explorer: Ver > Tama\u00f1o de texto > M\u00e1s grande<\/li>\n\n\n\n<li>Opera: View > Zoom > %<\/li>\n\n\n\n<li>Safari: View > Make text bigger<\/li>\n\n\n\n<li>Google Chrome: Herramientas > Zoom<\/li>\n<\/ul>\n\n\n\n<h2 class=\"wp-block-heading\"><strong>Configuraci\u00f3n t\u00e9cnica<\/strong><\/h2>\n\n\n\n<p>Las p\u00e1ginas web est\u00e1n creadas con el CMS WordPress 6.1.1.<\/p>\n\n\n\n<h2 class=\"wp-block-heading\"><strong>Informaci\u00f3n \u00fatil sobre la accesibilidad<\/strong><\/h2>\n\n\n\n<p>Seguidamente se exponen una serie de enlaces organizados en diferentes categor\u00edas \u00fatiles para obtener m\u00e1s informaci\u00f3n sobre la accesibilidad.<\/p>\n\n\n\n<h2 class=\"wp-block-heading\"><strong>Accesibilidad normas y documentos t\u00e9cnicos:<\/strong><\/h2>\n\n\n\n<p><a href=\"http:\/\/www.w3c.org\/\">http:\/\/www.w3c.org\/<br><\/a>Consorcio World Wide Web, grupo de trabajo de \u00e1mbito internacional que dicta l\u00edneas generales relacionadas con la web.<\/p>\n\n\n\n<p><a href=\"http:\/\/www.w3c.org\/wai\/\">http:\/\/www.w3c.org\/wai\/<br><\/a>Iniciativa de Accesibilidad Web del W3C.<\/p>\n","protected":false},"excerpt":{"rendered":"<p>Declaraci\u00f3n de Accesibilidad En la construcci\u00f3n de la p\u00e1gina web de carleshorrillo3d.es se han adoptado medidas con el objetivo de [&hellip;]<\/p>\n","protected":false},"author":2,"featured_media":0,"parent":0,"menu_order":0,"comment_status":"closed","ping_status":"closed","template":"","meta":{"site-sidebar-layout":"default","site-content-layout":"","ast-site-content-layout":"default","site-content-style":"default","site-sidebar-style":"default","ast-global-header-display":"","ast-banner-title-visibility":"","ast-main-header-display":"","ast-hfb-above-header-display":"","ast-hfb-below-header-display":"","ast-hfb-mobile-header-display":"","site-post-title":"disabled","ast-breadcrumbs-content":"","ast-featured-img":"","footer-sml-layout":"","theme-transparent-header-meta":"","adv-header-id-meta":"","stick-header-meta":"","header-above-stick-meta":"","header-main-stick-meta":"","header-below-stick-meta":"","astra-migrate-meta-layouts":"set","ast-page-background-enabled":"default","ast-page-background-meta":{"desktop":{"background-color":"var(--ast-global-color-4)","background-image":"","background-repeat":"repeat","background-position":"center center","background-size":"auto","background-attachment":"scroll","background-type":"","background-media":"","overlay-type":"","overlay-color":"","overlay-opacity":"","overlay-gradient":""},"tablet":{"background-color":"","background-image":"","background-repeat":"repeat","background-position":"center center","background-size":"auto","background-attachment":"scroll","background-type":"","background-media":"","overlay-type":"","overlay-color":"","overlay-opacity":"","overlay-gradient":""},"mobile":{"background-color":"","background-image":"","background-repeat":"repeat","background-position":"center center","background-size":"auto","background-attachment":"scroll","background-type":"","background-media":"","overlay-type":"","overlay-color":"","overlay-opacity":"","overlay-gradient":""}},"ast-content-background-meta":{"desktop":{"background-color":"var(--ast-global-color-5)","background-image":"","background-repeat":"repeat","background-position":"center center","background-size":"auto","background-attachment":"scroll","background-type":"","background-media":"","overlay-type":"","overlay-color":"","overlay-opacity":"","overlay-gradient":""},"tablet":{"background-color":"var(--ast-global-color-5)","background-image":"","background-repeat":"repeat","background-position":"center center","background-size":"auto","background-attachment":"scroll","background-type":"","background-media":"","overlay-type":"","overlay-color":"","overlay-opacity":"","overlay-gradient":""},"mobile":{"background-color":"var(--ast-global-color-5)","background-image":"","background-repeat":"repeat","background-position":"center center","background-size":"auto","background-attachment":"scroll","background-type":"","background-media":"","overlay-type":"","overlay-color":"","overlay-opacity":"","overlay-gradient":""}},"footnotes":""},"class_list":["post-1368","page","type-page","status-publish","hentry"],"yoast_head":"<!-- This site is optimized with the Yoast SEO plugin v25.0 - https:\/\/yoast.com\/wordpress\/plugins\/seo\/ -->\n<title>Declaracion de Accesibilidad - carleshorrillo3d.es<\/title>\n<meta name=\"robots\" content=\"noindex, nofollow\" \/>\n<meta property=\"og:locale\" content=\"es_ES\" \/>\n<meta property=\"og:type\" content=\"article\" \/>\n<meta property=\"og:title\" content=\"Declaracion de Accesibilidad - carleshorrillo3d.es\" \/>\n<meta property=\"og:description\" content=\"Declaraci\u00f3n de Accesibilidad En la construcci\u00f3n de la p\u00e1gina web de carleshorrillo3d.es se han adoptado medidas con el objetivo de [&hellip;]\" \/>\n<meta property=\"og:url\" content=\"https:\/\/carleshorrillofaiglab.com\/var\/www\/vhosts\/carleshorrillofaiglab.comhttpdocs\/?page_id=1368\" \/>\n<meta property=\"og:site_name\" content=\"carleshorrillo3d.es\" \/>\n<meta property=\"article:modified_time\" content=\"2025-09-05T23:16:05+00:00\" \/>\n<meta name=\"twitter:card\" content=\"summary_large_image\" \/>\n<meta name=\"twitter:label1\" content=\"Tiempo de lectura\" \/>\n\t<meta name=\"twitter:data1\" content=\"2 minutos\" \/>\n<script type=\"application\/ld+json\" class=\"yoast-schema-graph\">{\"@context\":\"https:\/\/schema.org\",\"@graph\":[{\"@type\":\"WebPage\",\"@id\":\"https:\/\/carleshorrillofaiglab.com\/var\/www\/vhosts\/carleshorrillofaiglab.comhttpdocs\/?page_id=1368\",\"url\":\"https:\/\/carleshorrillofaiglab.com\/var\/www\/vhosts\/carleshorrillofaiglab.comhttpdocs\/?page_id=1368\",\"name\":\"Declaracion de Accesibilidad - carleshorrillo3d.es\",\"isPartOf\":{\"@id\":\"https:\/\/carleshorrillofaiglab.com\/var\/www\/vhosts\/carleshorrillofaiglab.comhttpdocs\/#website\"},\"datePublished\":\"2025-05-10T21:50:26+00:00\",\"dateModified\":\"2025-09-05T23:16:05+00:00\",\"breadcrumb\":{\"@id\":\"https:\/\/carleshorrillofaiglab.com\/var\/www\/vhosts\/carleshorrillofaiglab.comhttpdocs\/?page_id=1368#breadcrumb\"},\"inLanguage\":\"es\",\"potentialAction\":[{\"@type\":\"ReadAction\",\"target\":[\"https:\/\/carleshorrillofaiglab.com\/var\/www\/vhosts\/carleshorrillofaiglab.comhttpdocs\/?page_id=1368\"]}]},{\"@type\":\"BreadcrumbList\",\"@id\":\"https:\/\/carleshorrillofaiglab.com\/var\/www\/vhosts\/carleshorrillofaiglab.comhttpdocs\/?page_id=1368#breadcrumb\",\"itemListElement\":[{\"@type\":\"ListItem\",\"position\":1,\"name\":\"Home\",\"item\":\"https:\/\/carleshorrillofaiglab.com\/var\/www\/vhosts\/carleshorrillofaiglab.comhttpdocs\/\"},{\"@type\":\"ListItem\",\"position\":2,\"name\":\"Declaracion de Accesibilidad\"}]},{\"@type\":\"WebSite\",\"@id\":\"https:\/\/carleshorrillofaiglab.com\/var\/www\/vhosts\/carleshorrillofaiglab.comhttpdocs\/#website\",\"url\":\"https:\/\/carleshorrillofaiglab.com\/var\/www\/vhosts\/carleshorrillofaiglab.comhttpdocs\/\",\"name\":\"carleshorrillo3d.es\",\"description\":\"\",\"publisher\":{\"@id\":\"https:\/\/carleshorrillofaiglab.com\/var\/www\/vhosts\/carleshorrillofaiglab.comhttpdocs\/#organization\"},\"potentialAction\":[{\"@type\":\"SearchAction\",\"target\":{\"@type\":\"EntryPoint\",\"urlTemplate\":\"https:\/\/carleshorrillofaiglab.com\/var\/www\/vhosts\/carleshorrillofaiglab.comhttpdocs\/?s={search_term_string}\"},\"query-input\":{\"@type\":\"PropertyValueSpecification\",\"valueRequired\":true,\"valueName\":\"search_term_string\"}}],\"inLanguage\":\"es\"},{\"@type\":\"Organization\",\"@id\":\"https:\/\/carleshorrillofaiglab.com\/var\/www\/vhosts\/carleshorrillofaiglab.comhttpdocs\/#organization\",\"name\":\"carleshorrillo3d.es\",\"url\":\"https:\/\/carleshorrillofaiglab.com\/var\/www\/vhosts\/carleshorrillofaiglab.comhttpdocs\/\",\"logo\":{\"@type\":\"ImageObject\",\"inLanguage\":\"es\",\"@id\":\"https:\/\/carleshorrillofaiglab.com\/var\/www\/vhosts\/carleshorrillofaiglab.comhttpdocs\/#\/schema\/logo\/image\/\",\"url\":\"https:\/\/carleshorrillofaiglab.com\/var\/www\/vhosts\/carleshorrillofaiglab.comhttpdocs\/wp-content\/uploads\/2025\/05\/cropped-d-1.png\",\"contentUrl\":\"https:\/\/carleshorrillofaiglab.com\/var\/www\/vhosts\/carleshorrillofaiglab.comhttpdocs\/wp-content\/uploads\/2025\/05\/cropped-d-1.png\",\"width\":500,\"height\":393,\"caption\":\"carleshorrillo3d.es\"},\"image\":{\"@id\":\"https:\/\/carleshorrillofaiglab.com\/var\/www\/vhosts\/carleshorrillofaiglab.comhttpdocs\/#\/schema\/logo\/image\/\"}}]}<\/script>\n<!-- \/ Yoast SEO plugin. -->","yoast_head_json":{"title":"Declaracion de Accesibilidad - carleshorrillo3d.es","robots":{"index":"noindex","follow":"nofollow"},"og_locale":"es_ES","og_type":"article","og_title":"Declaracion de Accesibilidad - carleshorrillo3d.es","og_description":"Declaraci\u00f3n de Accesibilidad En la construcci\u00f3n de la p\u00e1gina web de carleshorrillo3d.es se han adoptado medidas con el objetivo de [&hellip;]","og_url":"https:\/\/carleshorrillofaiglab.com\/var\/www\/vhosts\/carleshorrillofaiglab.comhttpdocs\/?page_id=1368","og_site_name":"carleshorrillo3d.es","article_modified_time":"2025-09-05T23:16:05+00:00","twitter_card":"summary_large_image","twitter_misc":{"Tiempo de lectura":"2 minutos"},"schema":{"@context":"https:\/\/schema.org","@graph":[{"@type":"WebPage","@id":"https:\/\/carleshorrillofaiglab.com\/var\/www\/vhosts\/carleshorrillofaiglab.comhttpdocs\/?page_id=1368","url":"https:\/\/carleshorrillofaiglab.com\/var\/www\/vhosts\/carleshorrillofaiglab.comhttpdocs\/?page_id=1368","name":"Declaracion de Accesibilidad - carleshorrillo3d.es","isPartOf":{"@id":"https:\/\/carleshorrillofaiglab.com\/var\/www\/vhosts\/carleshorrillofaiglab.comhttpdocs\/#website"},"datePublished":"2025-05-10T21:50:26+00:00","dateModified":"2025-09-05T23:16:05+00:00","breadcrumb":{"@id":"https:\/\/carleshorrillofaiglab.com\/var\/www\/vhosts\/carleshorrillofaiglab.comhttpdocs\/?page_id=1368#breadcrumb"},"inLanguage":"es","potentialAction":[{"@type":"ReadAction","target":["https:\/\/carleshorrillofaiglab.com\/var\/www\/vhosts\/carleshorrillofaiglab.comhttpdocs\/?page_id=1368"]}]},{"@type":"BreadcrumbList","@id":"https:\/\/carleshorrillofaiglab.com\/var\/www\/vhosts\/carleshorrillofaiglab.comhttpdocs\/?page_id=1368#breadcrumb","itemListElement":[{"@type":"ListItem","position":1,"name":"Home","item":"https:\/\/carleshorrillofaiglab.com\/var\/www\/vhosts\/carleshorrillofaiglab.comhttpdocs\/"},{"@type":"ListItem","position":2,"name":"Declaracion de Accesibilidad"}]},{"@type":"WebSite","@id":"https:\/\/carleshorrillofaiglab.com\/var\/www\/vhosts\/carleshorrillofaiglab.comhttpdocs\/#website","url":"https:\/\/carleshorrillofaiglab.com\/var\/www\/vhosts\/carleshorrillofaiglab.comhttpdocs\/","name":"carleshorrillo3d.es","description":"","publisher":{"@id":"https:\/\/carleshorrillofaiglab.com\/var\/www\/vhosts\/carleshorrillofaiglab.comhttpdocs\/#organization"},"potentialAction":[{"@type":"SearchAction","target":{"@type":"EntryPoint","urlTemplate":"https:\/\/carleshorrillofaiglab.com\/var\/www\/vhosts\/carleshorrillofaiglab.comhttpdocs\/?s={search_term_string}"},"query-input":{"@type":"PropertyValueSpecification","valueRequired":true,"valueName":"search_term_string"}}],"inLanguage":"es"},{"@type":"Organization","@id":"https:\/\/carleshorrillofaiglab.com\/var\/www\/vhosts\/carleshorrillofaiglab.comhttpdocs\/#organization","name":"carleshorrillo3d.es","url":"https:\/\/carleshorrillofaiglab.com\/var\/www\/vhosts\/carleshorrillofaiglab.comhttpdocs\/","logo":{"@type":"ImageObject","inLanguage":"es","@id":"https:\/\/carleshorrillofaiglab.com\/var\/www\/vhosts\/carleshorrillofaiglab.comhttpdocs\/#\/schema\/logo\/image\/","url":"https:\/\/carleshorrillofaiglab.com\/var\/www\/vhosts\/carleshorrillofaiglab.comhttpdocs\/wp-content\/uploads\/2025\/05\/cropped-d-1.png","contentUrl":"https:\/\/carleshorrillofaiglab.com\/var\/www\/vhosts\/carleshorrillofaiglab.comhttpdocs\/wp-content\/uploads\/2025\/05\/cropped-d-1.png","width":500,"height":393,"caption":"carleshorrillo3d.es"},"image":{"@id":"https:\/\/carleshorrillofaiglab.com\/var\/www\/vhosts\/carleshorrillofaiglab.comhttpdocs\/#\/schema\/logo\/image\/"}}]}},"_links":{"self":[{"href":"https:\/\/carleshorrillofaiglab.com\/var\/www\/vhosts\/carleshorrillofaiglab.comhttpdocs\/index.php?rest_route=\/wp\/v2\/pages\/1368","targetHints":{"allow":["GET"]}}],"collection":[{"href":"https:\/\/carleshorrillofaiglab.com\/var\/www\/vhosts\/carleshorrillofaiglab.comhttpdocs\/index.php?rest_route=\/wp\/v2\/pages"}],"about":[{"href":"https:\/\/carleshorrillofaiglab.com\/var\/www\/vhosts\/carleshorrillofaiglab.comhttpdocs\/index.php?rest_route=\/wp\/v2\/types\/page"}],"author":[{"embeddable":true,"href":"https:\/\/carleshorrillofaiglab.com\/var\/www\/vhosts\/carleshorrillofaiglab.comhttpdocs\/index.php?rest_route=\/wp\/v2\/users\/2"}],"replies":[{"embeddable":true,"href":"https:\/\/carleshorrillofaiglab.com\/var\/www\/vhosts\/carleshorrillofaiglab.comhttpdocs\/index.php?rest_route=%2Fwp%2Fv2%2Fcomments&post=1368"}],"version-history":[{"count":2,"href":"https:\/\/carleshorrillofaiglab.com\/var\/www\/vhosts\/carleshorrillofaiglab.comhttpdocs\/index.php?rest_route=\/wp\/v2\/pages\/1368\/revisions"}],"predecessor-version":[{"id":1572,"href":"https:\/\/carleshorrillofaiglab.com\/var\/www\/vhosts\/carleshorrillofaiglab.comhttpdocs\/index.php?rest_route=\/wp\/v2\/pages\/1368\/revisions\/1572"}],"wp:attachment":[{"href":"https:\/\/carleshorrillofaiglab.com\/var\/www\/vhosts\/carleshorrillofaiglab.comhttpdocs\/index.php?rest_route=%2Fwp%2Fv2%2Fmedia&parent=1368"}],"curies":[{"name":"wp","href":"https:\/\/api.w.org\/{rel}","templated":true}]}}